{"id":110,"date":"2018-03-17T22:06:44","date_gmt":"2018-03-17T21:06:44","guid":{"rendered":"http:\/\/www.maquet-air.fr\/guynemer60\/?page_id=110"},"modified":"2021-09-02T13:19:53","modified_gmt":"2021-09-02T11:19:53","slug":"ou-voler","status":"publish","type":"page","link":"https:\/\/www.maquet-air.fr\/guynemer60\/ou-voler\/","title":{"rendered":"O\u00f9 voler&#8230;"},"content":{"rendered":"<p><span style=\"color: #000080;\"><strong>Notre terrain<\/strong><\/span><\/p>\n<p>Petit club situ\u00e9 dans le sud de l&rsquo;Oise, ses membres partagent avec plaisir une piste en herbe situ\u00e9e pr\u00e8s des communes de <strong>Catenoy<\/strong> et de <strong>Sacy Le Grand<\/strong> (en bordure de la N31). Pour nous rendre visite, voici la carte et la vue a\u00e9rienne de notre terrain.<\/p>\n<p><span style=\"color: #000080;\"><strong>Piste en herbe<\/strong><\/span><\/p>\n<p>Le terrain se situe au bord de la N31 entre le rond point de Catenoy et le rond point d&rsquo;Avrigny.<br \/>\nLa fl\u00e8che vous indique l&rsquo;endroit de la piste en herbe.<\/p>\n<p>Vous y acc\u00e9dez en descendant le chemin venant de la N31.<\/p>\n<h4 style=\"padding: 0px; margin: 0px; color: #000000; font-family: 'Lucida Sans', 'Lucida Grande', sans-serif; font-size: 12px; font-style: normal; font-variant-ligatures: normal; font-variant-caps: normal; font-weight: 400; letter-spacing: normal; orphans: 2; text-indent: 0px; text-transform: none; white-space: normal; widows: 2; word-spacing: 0px; -webkit-text-stroke-width: 0px; background-color: #f7f7f7; text-decoration-style: initial; text-decoration-color: initial; text-align: center;\"><strong>Pour les possesseurs de GPS, les coordonn\u00e9es sont :<\/strong><\/h4>\n<h4 style=\"padding: 0px; margin: 0px; color: #000000; font-family: 'Lucida Sans', 'Lucida Grande', sans-serif; font-size: 12px; font-style: normal; font-variant-ligatures: normal; font-variant-caps: normal; font-weight: 400; letter-spacing: normal; orphans: 2; text-indent: 0px; text-transform: none; white-space: normal; widows: 2; word-spacing: 0px; -webkit-text-stroke-width: 0px; background-color: #f7f7f7; text-decoration-style: initial; text-decoration-color: initial; text-align: center;\"><strong>49.3718795 (N49\u00b022\u201918.766\u2019\u2019)\u00a0\u00a0 2.5329 (E2\u00b031\u201958.44\u2019\u2019)<\/strong><\/h4>\n<p><iframe loading=\"lazy\" src=\"https:\/\/maps.google.fr\/maps?q=49.3718795,2.5329&amp;num=1&amp;t=h&amp;hl=fr&amp;ie=UTF8&amp;ll=49.374382,2.546511&amp;spn=0.026825,0.054932&amp;z=14&amp;output=embed\" width=\"640\" height=\"480\" frameborder=\"0\" marginwidth=\"0\" marginheight=\"0\" scrolling=\"no\"><\/iframe><\/p>\n","protected":false},"excerpt":{"rendered":"<p>Notre terrain Petit club situ\u00e9 dans le sud de l&rsquo;Oise, ses membres partagent avec plaisir une piste en herbe situ\u00e9e<\/p>\n","protected":false},"author":1,"featured_media":0,"parent":0,"menu_order":0,"comment_status":"closed","ping_status":"closed","template":"","meta":{"_bbp_topic_count":0,"_bbp_reply_count":0,"_bbp_total_topic_count":0,"_bbp_total_reply_count":0,"_bbp_voice_count":0,"_bbp_anonymous_reply_count":0,"_bbp_topic_count_hidden":0,"_bbp_reply_count_hidden":0,"_bbp_forum_subforum_count":0,"footnotes":""},"_links":{"self":[{"href":"https:\/\/www.maquet-air.fr\/guynemer60\/wp-json\/wp\/v2\/pages\/110"}],"collection":[{"href":"https:\/\/www.maquet-air.fr\/guynemer60\/wp-json\/wp\/v2\/pages"}],"about":[{"href":"https:\/\/www.maquet-air.fr\/guynemer60\/wp-json\/wp\/v2\/types\/page"}],"author":[{"embeddable":true,"href":"https:\/\/www.maquet-air.fr\/guynemer60\/wp-json\/wp\/v2\/users\/1"}],"replies":[{"embeddable":true,"href":"https:\/\/www.maquet-air.fr\/guynemer60\/wp-json\/wp\/v2\/comments?post=110"}],"version-history":[{"count":3,"href":"https:\/\/www.maquet-air.fr\/guynemer60\/wp-json\/wp\/v2\/pages\/110\/revisions"}],"predecessor-version":[{"id":334224,"href":"https:\/\/www.maquet-air.fr\/guynemer60\/wp-json\/wp\/v2\/pages\/110\/revisions\/334224"}],"wp:attachment":[{"href":"https:\/\/www.maquet-air.fr\/guynemer60\/wp-json\/wp\/v2\/media?parent=110"}],"curies":[{"name":"wp","href":"https:\/\/api.w.org\/{rel}","templated":true}]}}