{"id":114,"date":"2018-03-17T22:06:45","date_gmt":"2018-03-17T21:06:45","guid":{"rendered":"http:\/\/www.maquet-air.fr\/guynemer60\/?page_id=114"},"modified":"2018-03-18T20:19:31","modified_gmt":"2018-03-18T19:19:31","slug":"liens","status":"publish","type":"page","link":"https:\/\/www.maquet-air.fr\/guynemer60\/liens\/","title":{"rendered":"Liens"},"content":{"rendered":"<h2><a href=\"http:\/\/aero.land.free.fr\/\" target=\"_blank\" rel=\"noopener\"><strong>@\u00e9roland Site indoor Christian Veyssiere<\/strong><\/a><\/h2>\n<p>&nbsp;<\/p>\n<p><a href=\"https:\/\/www.ffam.asso.fr\/\" target=\"_blank\" rel=\"noopener\"><img decoding=\"async\" loading=\"lazy\" class=\"alignnone size-full wp-image-109\" src=\"https:\/\/www.maquet-air.fr\/guynemer60\/wp-content\/uploads\/2018\/03\/logo-ffam.png\" alt=\"\" width=\"147\" height=\"158\" \/> F\u00e9d\u00e9ration Fran\u00e7aise d&rsquo;A\u00e9romodelisme<\/a><\/p>\n<p>&nbsp;<\/p>\n<p>&nbsp;<\/p>\n<p><a href=\"https:\/\/www.rcpilot-online.com\/\" target=\"_blank\" rel=\"noopener\"><img decoding=\"async\" loading=\"lazy\" class=\"alignnone size-full wp-image-108\" src=\"https:\/\/www.maquet-air.fr\/guynemer60\/wp-content\/uploads\/2018\/03\/Logo-RCPilot.jpg\" alt=\"\" width=\"122\" height=\"128\" \/> RC Pilot<\/a><\/p>\n<p>&nbsp;<\/p>\n<p>&nbsp;<\/p>\n","protected":false},"excerpt":{"rendered":"<p>@\u00e9roland Site indoor Christian Veyssiere &nbsp; F\u00e9d\u00e9ration Fran\u00e7aise d&rsquo;A\u00e9romodelisme &nbsp; &nbsp; RC Pilot &nbsp; &nbsp;<\/p>\n","protected":false},"author":1,"featured_media":0,"parent":0,"menu_order":0,"comment_status":"closed","ping_status":"closed","template":"","meta":{"_bbp_topic_count":0,"_bbp_reply_count":0,"_bbp_total_topic_count":0,"_bbp_total_reply_count":0,"_bbp_voice_count":0,"_bbp_anonymous_reply_count":0,"_bbp_topic_count_hidden":0,"_bbp_reply_count_hidden":0,"_bbp_forum_subforum_count":0,"footnotes":""},"_links":{"self":[{"href":"https:\/\/www.maquet-air.fr\/guynemer60\/wp-json\/wp\/v2\/pages\/114"}],"collection":[{"href":"https:\/\/www.maquet-air.fr\/guynemer60\/wp-json\/wp\/v2\/pages"}],"about":[{"href":"https:\/\/www.maquet-air.fr\/guynemer60\/wp-json\/wp\/v2\/types\/page"}],"author":[{"embeddable":true,"href":"https:\/\/www.maquet-air.fr\/guynemer60\/wp-json\/wp\/v2\/users\/1"}],"replies":[{"embeddable":true,"href":"https:\/\/www.maquet-air.fr\/guynemer60\/wp-json\/wp\/v2\/comments?post=114"}],"version-history":[{"count":4,"href":"https:\/\/www.maquet-air.fr\/guynemer60\/wp-json\/wp\/v2\/pages\/114\/revisions"}],"predecessor-version":[{"id":205,"href":"https:\/\/www.maquet-air.fr\/guynemer60\/wp-json\/wp\/v2\/pages\/114\/revisions\/205"}],"wp:attachment":[{"href":"https:\/\/www.maquet-air.fr\/guynemer60\/wp-json\/wp\/v2\/media?parent=114"}],"curies":[{"name":"wp","href":"https:\/\/api.w.org\/{rel}","templated":true}]}}