{"id":136,"date":"2018-03-18T11:15:28","date_gmt":"2018-03-18T10:15:28","guid":{"rendered":"http:\/\/www.maquet-air.fr\/guynemer60\/?page_id=136"},"modified":"2018-03-18T13:13:14","modified_gmt":"2018-03-18T12:13:14","slug":"salle-ou","status":"publish","type":"page","link":"https:\/\/www.maquet-air.fr\/guynemer60\/salle-ou\/","title":{"rendered":"O\u00f9 voler&#8230;"},"content":{"rendered":"<p>La session indoor reprend du service et se d\u00e9roule dans le gymnase Tainturier \u00e0 cot\u00e9 du coll\u00e8ge des Terriers<br \/>\n\u00e0 Pont Sainte Maxence.<br \/>\nLes s\u00e9ances se d\u00e9roulent de <strong>20h \u00e0 22 h, tous les vendredis soir<\/strong> (sauf le premier vendredi de chaque mois&#8230; planning sur demande).<br \/>\nPour plus d&rsquo;info contactez <strong>Laurent LEMEE &#8211; <a href=\"https:\/\/www.facebook.com\/aeromax60\" target=\"_blank\" rel=\"noopener\">Facebook AEROMAX<img decoding=\"async\" loading=\"lazy\" class=\"alignnone  wp-image-200\" src=\"https:\/\/www.maquet-air.fr\/guynemer60\/wp-content\/uploads\/2018\/03\/AeroMax-Logo.png\" alt=\"\" width=\"81\" height=\"81\" srcset=\"https:\/\/www.maquet-air.fr\/guynemer60\/wp-content\/uploads\/2018\/03\/AeroMax-Logo.png 250w, https:\/\/www.maquet-air.fr\/guynemer60\/wp-content\/uploads\/2018\/03\/AeroMax-Logo-150x150.png 150w\" sizes=\"(max-width: 81px) 100vw, 81px\" \/><\/a><\/strong><\/p>\n<p><span style=\"display: inline !important; float: none; background-color: transparent; color: #333333; cursor: text; font-family: Georgia,'Times New Roman','Bitstream Charter',Times,serif; font-size: 16px; font-style: normal; font-variant: normal; font-weight: 400; letter-spacing: normal; orphans: 2; text-align: left; text-decoration: none; text-indent: 0px; text-transform: none; -webkit-text-stroke-width: 0px; white-space: normal; word-spacing: 0px;\">La fl\u00e8che situe le gymnase Tainturier<\/span><\/p>\n<p><iframe loading=\"lazy\" src=\"https:\/\/maps.google.fr\/maps?q=49.292966,2.599199&amp;num=1&amp;t=h&amp;hl=fr&amp;ie=UTF8&amp;ll=49.296975,2.602215&amp;spn=0.013434,0.027466&amp;z=15&amp;output=embed\" width=\"640\" height=\"480\" frameborder=\"0\" marginwidth=\"0\" marginheight=\"0\" scrolling=\"no\" data-mce-fragment=\"1\">&amp;amp;lt;span class=\u00a0\u00bbmce_SELRES_start\u00a0\u00bb style=\u00a0\u00bbwidth: 0px; line-height: 0; overflow: hidden; display: inline-block;\u00a0\u00bb data-mce-type=\u00a0\u00bbbookmark\u00a0\u00bb&amp;amp;gt;\ufeff&amp;amp;lt;\/span&amp;amp;gt;<\/iframe><\/p>\n<p>&nbsp;<\/p>\n","protected":false},"excerpt":{"rendered":"<p>La session indoor reprend du service et se d\u00e9roule dans le gymnase Tainturier \u00e0 cot\u00e9 du coll\u00e8ge des Terriers \u00e0<\/p>\n","protected":false},"author":1,"featured_media":0,"parent":0,"menu_order":0,"comment_status":"closed","ping_status":"closed","template":"","meta":{"_bbp_topic_count":0,"_bbp_reply_count":0,"_bbp_total_topic_count":0,"_bbp_total_reply_count":0,"_bbp_voice_count":0,"_bbp_anonymous_reply_count":0,"_bbp_topic_count_hidden":0,"_bbp_reply_count_hidden":0,"_bbp_forum_subforum_count":0,"footnotes":""},"_links":{"self":[{"href":"https:\/\/www.maquet-air.fr\/guynemer60\/wp-json\/wp\/v2\/pages\/136"}],"collection":[{"href":"https:\/\/www.maquet-air.fr\/guynemer60\/wp-json\/wp\/v2\/pages"}],"about":[{"href":"https:\/\/www.maquet-air.fr\/guynemer60\/wp-json\/wp\/v2\/types\/page"}],"author":[{"embeddable":true,"href":"https:\/\/www.maquet-air.fr\/guynemer60\/wp-json\/wp\/v2\/users\/1"}],"replies":[{"embeddable":true,"href":"https:\/\/www.maquet-air.fr\/guynemer60\/wp-json\/wp\/v2\/comments?post=136"}],"version-history":[{"count":5,"href":"https:\/\/www.maquet-air.fr\/guynemer60\/wp-json\/wp\/v2\/pages\/136\/revisions"}],"predecessor-version":[{"id":201,"href":"https:\/\/www.maquet-air.fr\/guynemer60\/wp-json\/wp\/v2\/pages\/136\/revisions\/201"}],"wp:attachment":[{"href":"https:\/\/www.maquet-air.fr\/guynemer60\/wp-json\/wp\/v2\/media?parent=136"}],"curies":[{"name":"wp","href":"https:\/\/api.w.org\/{rel}","templated":true}]}}