{"id":138,"date":"2018-03-18T11:15:28","date_gmt":"2018-03-18T10:15:28","guid":{"rendered":"http:\/\/www.maquet-air.fr\/guynemer60\/?page_id=138"},"modified":"2018-03-18T11:45:47","modified_gmt":"2018-03-18T10:45:47","slug":"salle-debuter","status":"publish","type":"page","link":"https:\/\/www.maquet-air.fr\/guynemer60\/salle-debuter\/","title":{"rendered":"Comment d\u00e9buter&#8230;"},"content":{"rendered":"<p>La premi\u00e8re chose \u00e0 d\u00e9couvrir, c&rsquo;est bien entendu l&rsquo;espace.<\/p>\n<p>Les salles sont la plus part du temps des gymnases et sauf cas particulier, les dimensions sont celles d&rsquo;un terrain de Handball (40x20m). La hauteur de 5 \u00e0 8 m est souvent encombr\u00e9e par la structure (poutre et ferme en m\u00e9tal), les panniers de bascket (et les c\u00e2bles de s\u00e9curit\u00e9s qui les accompagnent) ainsi que par divers \u00e9l\u00e9ments comme l&rsquo;\u00e9clairage, le chauffage et autres petits \u00e9l\u00e9ments \u00e0 \u00e9viter en vol.<\/p>\n<p>A la diff\u00e9rence du vol \u00e0 l&rsquo;ext\u00e9rieur, le Vol-En-Salle exige beaucoup de r\u00e9activit\u00e9 de la part du pilote et du mod\u00e8le car les changements de cap sont le plus souvent exig\u00e9s par l&rsquo;environnement que d\u00e9sir\u00e9s par le pilote. C&rsquo;est pour autant une formidable \u00e9cole d&rsquo;apprentissage et de plaisir. Alors, quand vous aurez choisi, construit ou assembl\u00e9 votre mod\u00e8le, venez nous voir !<\/p>\n<p>Pour faire ses premi\u00e8res armes, l&rsquo;appareil choisi doit \u00eatre adapt\u00e9 au niveau de pilotage et r\u00e9sistant aux petits chocs, incontournables quand on d\u00e9couvre cette activit\u00e9 et m\u00eame par la suite.<\/p>\n<p>Pour voler avec s\u00e9r\u00e9nit\u00e9, 2 facteurs entrent en ligne de compte<\/p>\n<p>&#8211; La masse la plus faible possible pour un mod\u00e8le donn\u00e9 !<\/p>\n<p>&#8211; Une grande surface alaires mais l\u00e0 on est aussi limit\u00e9 par la taille des mod\u00e8les, la r\u00e9sistance des mat\u00e9riaux et la masse limite des appareils.<\/p>\n<p>En cas de choc, l&rsquo;\u00e9nergie cin\u00e9tique (la vitesse de l&rsquo;appareil, horizontale et\/ou verticale qui se transforme en effort) de l&rsquo;appareil doit \u00eatre la plus faible. Elle s&rsquo;\u00e9l\u00e8ve comme le &lsquo;carr\u00e9&rsquo; de la vitesse (La vitesse double, les efforts sur la structure en cas de choc sont multipli\u00e9s par 4 !) Pas question de renforcer la structure car, l&rsquo;augmentation de masse induit une augmentation de la vitesse.<\/p>\n<p>Il ne faut pas entrer dans le cercle vicieux :<\/p>\n<p>Avion lourd, moteur plus puissant, batterie plus grosse, vitesse plus \u00e9lev\u00e9e&#8230;..<\/p>\n<p>chute, r\u00e9paration, renforcement de la structure, augmentation de masse, moteur plus puissant ou plus de gazs&#8230;&#8230;..etc&#8230;<\/p>\n<p>Il vaut mieux \u00eatre dans le cercle vertueux :<\/p>\n<p>Avion l\u00e9ger, moteur juste n\u00e9cessaire, batterie limit\u00e9e au n\u00e9cessaire,<\/p>\n<p>vitesse faible, peu de chocs et en cas de casse, peu de d\u00e9g\u00e2ts, donc r\u00e9parations sans impact.<\/p>\n<p>L&rsquo;avion de d\u00e9but id\u00e9al doit \u00eatre simple et facilement r\u00e9parable. Avoir une g\u00e9om\u00e9trie saine, avoir de grands \u00e9carts de vitesse (vol lent pour d\u00e9couvrir et vitesse pour se sortir d&rsquo;un mauvais pas), \u00eatre disponible au maximum (ratio entre le plus grand entre temps de vol et temps d&rsquo;atelier !)<\/p>\n<p>Les dimensions les plus faibles possibles sont bien s\u00fbr les meilleures, plus l&rsquo;avion est petit, plus la salle devient grande. Attention tout de m\u00eame, la surface diminue au carr\u00e9 et la masse, d\u00e9pendant des mat\u00e9riaux ne diminue pas au cube (masse volumique) mais bien plus lentement. La bonne dimension pour se faire plaisir, tourne autour de 80 \u00e0 100 cm d&rsquo;envergure. Cela permet d&rsquo;envisager des appareils entre 150 et 250 g sans probl\u00e8mes. Avec 10 \u00e0 15 cm de corde, cela donne des surfaces de 8 \u00e0 15 dm\u00b2. La masse la plus \u00e9lev\u00e9e avec la plus petite surface donne une charge alaire de 30 g\/dm\u00b2 ce qui est vraiment haut et la plus petite masse pour la surface la plus grande, donne 10g\/dm\u00b2. L&rsquo;exp\u00e9rience montre qu&rsquo;entre 10 et 20 g\/dm\u00b2, on est dans le raisonnable tant en facilit\u00e9 de construction, facilit\u00e9 de vol et prix d&rsquo;achat.<\/p>\n<p>En 4 tableaux, voici quelques principes rappelant les conditions de vol d&rsquo;un avion. Il est conseill\u00e9 en termes d&rsquo;\u00e9volution de s&rsquo;arranger pour qu&rsquo;un avion puisse passer au moins la moiti\u00e9 voir les 2\/3 de la longeur de la salle en ligne droite \u00e0 plat. Cette condition garantie un vol qui n&rsquo;est pas qu&rsquo;une spirale finissant au sol ou dans les murs.<\/p>\n<p>L&rsquo;avion facile<br \/>\nUne masse d&rsquo;\u00e0 peine 20 g, une charge alaire inf\u00e9rieure de 5 \u00e0 10g\/dm\u00b2, une envergure de moins de 40 cm, un temps de vol de plus de 10 minutes, aujourd&rsquo;hui tout cela est possible \u00e0 un prix faible. Entre 90 et 130 \u20ac, il existe plusieurs appareils de cette cat\u00e9gorie. Ils utilisent tous le m\u00eame \u00e9quipement radio, difficilement r\u00e9utilisable, mais livr\u00e9 complet avec \u00e9metteur (simplifi\u00e9, mode 1 ou 2 et manche de gaz non crant\u00e9) et le chargeur lipo d\u00e9di\u00e9 (1s 70 mAh).<br \/>\nLa s\u00e9rie Minium par Kyosho<\/p>\n<p>Article r\u00e9dig\u00e9 par Christian Veyssi\u00e8re<\/p>\n","protected":false},"excerpt":{"rendered":"<p>La premi\u00e8re chose \u00e0 d\u00e9couvrir, c&rsquo;est bien entendu l&rsquo;espace. Les salles sont la plus part du temps des gymnases et<\/p>\n","protected":false},"author":1,"featured_media":0,"parent":0,"menu_order":0,"comment_status":"closed","ping_status":"closed","template":"","meta":{"_bbp_topic_count":0,"_bbp_reply_count":0,"_bbp_total_topic_count":0,"_bbp_total_reply_count":0,"_bbp_voice_count":0,"_bbp_anonymous_reply_count":0,"_bbp_topic_count_hidden":0,"_bbp_reply_count_hidden":0,"_bbp_forum_subforum_count":0,"footnotes":""},"_links":{"self":[{"href":"https:\/\/www.maquet-air.fr\/guynemer60\/wp-json\/wp\/v2\/pages\/138"}],"collection":[{"href":"https:\/\/www.maquet-air.fr\/guynemer60\/wp-json\/wp\/v2\/pages"}],"about":[{"href":"https:\/\/www.maquet-air.fr\/guynemer60\/wp-json\/wp\/v2\/types\/page"}],"author":[{"embeddable":true,"href":"https:\/\/www.maquet-air.fr\/guynemer60\/wp-json\/wp\/v2\/users\/1"}],"replies":[{"embeddable":true,"href":"https:\/\/www.maquet-air.fr\/guynemer60\/wp-json\/wp\/v2\/comments?post=138"}],"version-history":[{"count":2,"href":"https:\/\/www.maquet-air.fr\/guynemer60\/wp-json\/wp\/v2\/pages\/138\/revisions"}],"predecessor-version":[{"id":156,"href":"https:\/\/www.maquet-air.fr\/guynemer60\/wp-json\/wp\/v2\/pages\/138\/revisions\/156"}],"wp:attachment":[{"href":"https:\/\/www.maquet-air.fr\/guynemer60\/wp-json\/wp\/v2\/media?parent=138"}],"curies":[{"name":"wp","href":"https:\/\/api.w.org\/{rel}","templated":true}]}}