{"id":241,"date":"2018-04-16T21:08:42","date_gmt":"2018-04-16T19:08:42","guid":{"rendered":"http:\/\/www.maquet-air.fr\/guynemer60\/?page_id=241"},"modified":"2018-04-16T21:08:42","modified_gmt":"2018-04-16T19:08:42","slug":"forum","status":"publish","type":"page","link":"https:\/\/www.maquet-air.fr\/guynemer60\/forum\/","title":{"rendered":"Forum"},"content":{"rendered":"\n<div id=\"bbpress-forums\" class=\"bbpress-wrapper\">\n\n\t\n\t<div class=\"bbp-search-form\">\n\t\t<form role=\"search\" method=\"get\" id=\"bbp-search-form\">\n\t\t\t<div>\n\t\t\t\t<label class=\"screen-reader-text hidden\" for=\"bbp_search\">Rechercher<\/label>\n\t\t\t\t<input type=\"hidden\" name=\"action\" value=\"bbp-search-request\" \/>\n\t\t\t\t<input type=\"text\" value=\"\" name=\"bbp_search\" id=\"bbp_search\" \/>\n\t\t\t\t<input class=\"button\" type=\"submit\" id=\"bbp_search_submit\" value=\"Rechercher\" \/>\n\t\t\t<\/div>\n\t\t<\/form>\n\t<\/div>\n\n\n\t<div class=\"bbp-breadcrumb\"><p><a href=\"https:\/\/www.maquet-air.fr\/guynemer60\" class=\"bbp-breadcrumb-home\">Accueil<\/a> <span class=\"bbp-breadcrumb-sep\">&rsaquo;<\/span> <span class=\"bbp-breadcrumb-current\">Forums<\/span><\/p><\/div>\n\t\n\t\n\t\n\t\t\n<div class=\"bbp-template-notice\">\n\t<ul>\n\t\t<li>Aucun forum n\u2019a \u00e9t\u00e9 trouv\u00e9 ici.<\/li>\n\t<\/ul>\n<\/div>\n\n\t\n\t\n<\/div>\n\n","protected":false},"excerpt":{"rendered":"","protected":false},"author":2,"featured_media":0,"parent":0,"menu_order":0,"comment_status":"closed","ping_status":"closed","template":"","meta":{"_bbp_topic_count":0,"_bbp_reply_count":0,"_bbp_total_topic_count":0,"_bbp_total_reply_count":0,"_bbp_voice_count":0,"_bbp_anonymous_reply_count":0,"_bbp_topic_count_hidden":0,"_bbp_reply_count_hidden":0,"_bbp_forum_subforum_count":0,"footnotes":""},"_links":{"self":[{"href":"https:\/\/www.maquet-air.fr\/guynemer60\/wp-json\/wp\/v2\/pages\/241"}],"collection":[{"href":"https:\/\/www.maquet-air.fr\/guynemer60\/wp-json\/wp\/v2\/pages"}],"about":[{"href":"https:\/\/www.maquet-air.fr\/guynemer60\/wp-json\/wp\/v2\/types\/page"}],"author":[{"embeddable":true,"href":"https:\/\/www.maquet-air.fr\/guynemer60\/wp-json\/wp\/v2\/users\/2"}],"replies":[{"embeddable":true,"href":"https:\/\/www.maquet-air.fr\/guynemer60\/wp-json\/wp\/v2\/comments?post=241"}],"version-history":[{"count":1,"href":"https:\/\/www.maquet-air.fr\/guynemer60\/wp-json\/wp\/v2\/pages\/241\/revisions"}],"predecessor-version":[{"id":243,"href":"https:\/\/www.maquet-air.fr\/guynemer60\/wp-json\/wp\/v2\/pages\/241\/revisions\/243"}],"wp:attachment":[{"href":"https:\/\/www.maquet-air.fr\/guynemer60\/wp-json\/wp\/v2\/media?parent=241"}],"curies":[{"name":"wp","href":"https:\/\/api.w.org\/{rel}","templated":true}]}}